{"id":3,"date":"2023-09-13T11:58:52","date_gmt":"2023-09-13T09:58:52","guid":{"rendered":"https:\/\/dr-fareau.com\/?page_id=3"},"modified":"2023-09-19T14:05:41","modified_gmt":"2023-09-19T12:05:41","slug":"politique-de-confidentialite","status":"publish","type":"page","link":"https:\/\/dr-fareau.com\/en\/politique-de-confidentialite\/","title":{"rendered":"Privacy Policy of dr-fareau.com"},"content":{"rendered":"<p><\/p>\n\n\n\n<p><strong>Date of last update:<\/strong> September 19, 2023<\/p>\n\n\n\n<p>Your privacy is important to us. This privacy policy explains how dr-fareau.com (hereinafter referred to as \u201cwe\u201d, \u201cus\u201d or \u201cthe site\u201d) collects, uses, discloses and protects your personal information when you visit our website.<\/p>\n\n\n\n<p>By using our website, you consent to the collection and use of your information in accordance with this policy. If you do not agree to the terms of this policy, please do not use our site.<\/p>\n\n\n\n<p><strong>1. Collection of information<\/strong><\/p>\n\n\n\n<p>We may collect personally identifiable information, such as your name, email address, telephone number, etc., when you voluntarily provide it through our contact or registration forms.<\/p>\n\n\n\n<p><strong>2. Use of information<\/strong><\/p>\n\n\n\n<p>We use the information we collect for the following purposes:<\/p>\n\n\n\n<ul class=\"wp-block-list\">\n<li>To respond to your requests and provide you with the information, products or services requested.<\/li>\n\n\n\n<li>To personalize your experience on our website and present you with relevant content.<\/li>\n\n\n\n<li>To send you marketing communications, newsletters or other information that may be of interest to you (you can unsubscribe at any time).<\/li>\n\n\n\n<li>To improve our website, products and services.<\/li>\n\n\n\n<li>To investigate possible fraudulent or illegal activities on our site.<\/li>\n<\/ul>\n\n\n\n<p><strong>3. Information sharing<\/strong><\/p>\n\n\n\n<p>We do not sell, trade or rent your personal information to third parties unless we obtain your prior consent. We may share your information with third party service providers who help us operate our website and provide our services, provided they agree to keep your information confidential.<\/p>\n\n\n\n<p><strong>4. Protection of information<\/strong><\/p>\n\n\n\n<p>We implement appropriate security measures to protect your personal information against loss, unauthorized access, disclosure, alteration or destruction.<\/p>\n\n\n\n<p><strong>5. Cookies<\/strong><\/p>\n\n\n\n<p>Our website uses cookies to improve your experience. You can choose to disable cookies in your browser settings, but this may affect some functionality of our site.<\/p>","protected":false},"excerpt":{"rendered":"<p>Date de la derni\u00e8re mise \u00e0 jour : 19 septembre 2023 Votre confidentialit\u00e9 est importante pour nous. Cette politique de confidentialit\u00e9 explique comment dr-fareau.com (ci-apr\u00e8s d\u00e9nomm\u00e9 \u00ab\u00a0nous\u00a0\u00bb, [&hellip;]<\/p>","protected":false},"author":1,"featured_media":0,"parent":0,"menu_order":0,"comment_status":"closed","ping_status":"open","template":"","meta":{"footnotes":""},"class_list":["post-3","page","type-page","status-publish","hentry"],"_links":{"self":[{"href":"https:\/\/dr-fareau.com\/en\/wp-json\/wp\/v2\/pages\/3","targetHints":{"allow":["GET"]}}],"collection":[{"href":"https:\/\/dr-fareau.com\/en\/wp-json\/wp\/v2\/pages"}],"about":[{"href":"https:\/\/dr-fareau.com\/en\/wp-json\/wp\/v2\/types\/page"}],"author":[{"embeddable":true,"href":"https:\/\/dr-fareau.com\/en\/wp-json\/wp\/v2\/users\/1"}],"replies":[{"embeddable":true,"href":"https:\/\/dr-fareau.com\/en\/wp-json\/wp\/v2\/comments?post=3"}],"version-history":[{"count":1,"href":"https:\/\/dr-fareau.com\/en\/wp-json\/wp\/v2\/pages\/3\/revisions"}],"predecessor-version":[{"id":4450,"href":"https:\/\/dr-fareau.com\/en\/wp-json\/wp\/v2\/pages\/3\/revisions\/4450"}],"wp:attachment":[{"href":"https:\/\/dr-fareau.com\/en\/wp-json\/wp\/v2\/media?parent=3"}],"curies":[{"name":"wp","href":"https:\/\/api.w.org\/{rel}","templated":true}]}}