{"id":4589,"date":"2023-10-22T15:02:07","date_gmt":"2023-10-22T13:02:07","guid":{"rendered":"https:\/\/dr-fareau.com\/?page_id=4589"},"modified":"2023-10-22T15:31:37","modified_gmt":"2023-10-22T13:31:37","slug":"nos-soins","status":"publish","type":"page","link":"https:\/\/dr-fareau.com\/it\/nos-soins\/","title":{"rendered":"Le nostre preoccupazioni"},"content":{"rendered":"<div data-elementor-type=\"wp-page\" data-elementor-id=\"4589\" class=\"elementor elementor-4589\" data-elementor-post-type=\"page\">\n\t\t\t\t<div class=\"elementor-element elementor-element-de4d46f e-flex e-con-boxed e-con e-parent\" data-id=\"de4d46f\" data-element_type=\"container\" id=\"parodonthie\">\n\t\t\t\t\t<div class=\"e-con-inner\">\n\t\t\t\t<div class=\"elementor-element elementor-element-0dd0456 elementor-widget elementor-widget-text-editor\" data-id=\"0dd0456\" data-element_type=\"widget\" data-widget_type=\"text-editor.default\">\n\t\t\t\t<div class=\"elementor-widget-container\">\n\t\t\t\t\t\t\t\t\t<h4><strong>La maladie parodontale qu&rsquo;est-ce que c&rsquo;est?<\/strong><\/h4><p>Le d\u00e9chaussement des dents porte le nom m\u00e9dical de maladie parodontale.<br \/>La parodontologie et la discipline qui se consacre \u00e0 la pr\u00e9vention au diagnostic et au traitement des maladies de la gencive et de l&rsquo;os sous-jacent.<br \/>C&rsquo;est maladie s&rsquo;appelle la gingivite et la parodontite et conduisent \u00e0 la perte des dents.<br \/>Le parodontiste est un dentiste sp\u00e9cialis\u00e9 dans le traitement des maladies parodontales.<br \/>Pr\u00e9server ses gencives c&rsquo;est l&rsquo;essentiel pour son sourire.<\/p><h4>Quand consulter un parodontiste ?<\/h4><p><br \/>Si vous \u00e9prouvez un de ces signes ou sympt\u00f4mes suivant il est important de planifier rapidement un rendez-vous avec un parodontiste:<\/p><ul><li>Saignement en mangeant ou en brossant<\/li><li>Mauvaise haleine <\/li><li>Dents mobile<\/li><li>Recule des gencives <\/li><li>gangr\u00e8ne et infection dans les tissus<\/li><\/ul><p>Conditions de sant\u00e9 connexes:<\/p><ul><li>La maladie cardiaque<\/li><li>Le diab\u00e8te<\/li><li>L&rsquo;ost\u00e9oporose<\/li><li>La grossesse.<\/li><\/ul><p>Sont fortement corr\u00e9l\u00e9s avec la parodontite et les infections parodontales. L&rsquo;infection bact\u00e9rienne peut se proposer par le sang et infecter d&rsquo;autres parties du corps.<\/p><h4>Quel traitement pour vos gencives ?<\/h4><p><br \/>En fonction de votre \u00e2ge et du niveau d&rsquo;avancement de votre d\u00e9chaussement un traitement personnalis\u00e9 vous sera propos\u00e9.<br \/>Le but de ce traitement et de stopper l&rsquo;inflammation et de stabiliser la perte d&rsquo;attache de la gencive.<br \/>Pour cela il faudrait une coop\u00e9ration totale de votre part afin de favoriser une bonne hygi\u00e8ne une bonne maintenance et entretien dans le temps.<\/p>\t\t\t\t\t\t\t\t<\/div>\n\t\t\t\t<\/div>\n\t\t\t\t\t<\/div>\n\t\t\t\t<\/div>\n\t\t<div class=\"elementor-element elementor-element-d666f37 e-flex e-con-boxed e-con e-parent\" data-id=\"d666f37\" data-element_type=\"container\" id=\"implant\">\n\t\t\t\t\t<div class=\"e-con-inner\">\n\t\t\t\t<div class=\"elementor-element elementor-element-0872529 elementor-widget elementor-widget-text-editor\" data-id=\"0872529\" data-element_type=\"widget\" data-widget_type=\"text-editor.default\">\n\t\t\t\t<div class=\"elementor-widget-container\">\n\t\t\t\t\t\t\t\t\t<h4>Implantologie.<\/h4><p>L&rsquo;implant dentaire est une racine artificielle ancr\u00e9 dans l&rsquo;os de la machoire.<br \/>Il s&rsquo;est remplacer la racine d&rsquo;une lampe allum\u00e9e et \u00e0 soutenir une proth\u00e8se.<br \/>La plante dentaire et l&rsquo;interm\u00e9diaire entre la proth\u00e8se et l&rsquo;os de la m\u00e2choire.<br \/>Une fois l&rsquo;implant mise en place et apr\u00e8s quelques mois de cicatrisation il peut donc remplacer la racine de vos dents naturels et soutenir une seule dent un bridge ou une proth\u00e8se compl\u00e8te.<\/p><h4>Pr\u00e9servation de l&rsquo;os.<\/h4><p><br \/>Lorsqu&rsquo;une dent n&rsquo;est plus conservable et que son retrait est indiqu\u00e9 la pr\u00e9servation du site est primordial.<br \/>Une extraction dentaire n&rsquo;est pas un acte anodin cela peut entra\u00eener irr\u00e9m\u00e9diablement une fonte osseuse du site concern\u00e9.<br \/>De plus l&rsquo;os qui entoure et supporte les dents et souvent partiellement ou totalement d\u00e9truit par la maladie parodontale et\/ou l&rsquo;infection.<br \/>Il est tr\u00e8s important de pr\u00e9voir la pr\u00e9servation et la reconstruction de cet OS lors de l&rsquo;extraction afin d&rsquo;envisager le remplacement des dents absentes dans les meilleures conditions. Car la d\u00e9formation qui suit l&rsquo;extraction d&rsquo;une dent se produit rapidement et cela se traduit par une r\u00e9sorption de l&rsquo;os et de la gencive. Le remplacement des dents perdus et alors difficile qu&rsquo;il s&rsquo;agisse d&rsquo;un plan dentaire de bridge ou de proth\u00e8ses amovible.<\/p>\t\t\t\t\t\t\t\t<\/div>\n\t\t\t\t<\/div>\n\t\t\t\t\t<\/div>\n\t\t\t\t<\/div>\n\t\t<div class=\"elementor-element elementor-element-a17c818 e-flex e-con-boxed e-con e-parent\" data-id=\"a17c818\" data-element_type=\"container\" id=\"greffe-os\">\n\t\t\t\t\t<div class=\"e-con-inner\">\n\t\t\t\t<div class=\"elementor-element elementor-element-bfe334a elementor-widget elementor-widget-text-editor\" data-id=\"bfe334a\" data-element_type=\"widget\" data-widget_type=\"text-editor.default\">\n\t\t\t\t<div class=\"elementor-widget-container\">\n\t\t\t\t\t\t\t\t\t<h4>Greffes osseuses.<\/h4><p>Apr\u00e8s l&rsquo;extraction d&rsquo;une dent le volume osseux de la zone dent\u00e9e diminue rapidement cette diminution risque de rendre difficile voire impossible la mise en place d&rsquo;un plan dans cette zone.<br \/>En cas de volume osseux trop faible ou insuffisant de l&rsquo;os, une greffe peut-\u00eatre faites \u00e0 ce niveau pour augmenter et renforcer le volume osseux et permettre la pose de l&rsquo;implant dans les meilleures conditions de succ\u00e8s.<\/p>\t\t\t\t\t\t\t\t<\/div>\n\t\t\t\t<\/div>\n\t\t\t\t\t<\/div>\n\t\t\t\t<\/div>\n\t\t<div class=\"elementor-element elementor-element-91938de e-flex e-con-boxed e-con e-parent\" data-id=\"91938de\" data-element_type=\"container\" id=\"greffe-gencive\">\n\t\t\t\t\t<div class=\"e-con-inner\">\n\t\t\t\t<div class=\"elementor-element elementor-element-ef1fd58 elementor-widget elementor-widget-text-editor\" data-id=\"ef1fd58\" data-element_type=\"widget\" data-widget_type=\"text-editor.default\">\n\t\t\t\t<div class=\"elementor-widget-container\">\n\t\t\t\t\t\t\t\t\t<h4>Greffe de gencive.<\/h4><p>La greffe gingival consiste \u00e0 pr\u00e9lever un \u00e9chantillon de gencive un greffon au niveau du palais pour venir renforcer l&rsquo;\u00e9paisseur de la gencive et recouvrir une r\u00e9cession gingivale.<br \/>Une op\u00e9ration des gencives est indiqu\u00e9e dans les cas suivants :<br \/>&#8211; d\u00e9chaussement des dents d\u00fb \u00e0 une parodontite<br \/>&#8211; r\u00e9traction de la gencive<br \/>&#8211; mobilit\u00e9 de la gencive <br \/>&#8211; g\u00e8ne esth\u00e9tique <br \/>&#8211; brossage de dents inadapt\u00e9 et traumatique <br \/>&#8211; augmenter l&rsquo;\u00e9paisseur et la hauteur de la gencive avant la pose d&rsquo;un implant dentaire ou un traitement orthodontique<br \/>Cela permettra \u00e9galement de lutter contre l&rsquo;apparition de carie car une dent \u00e0 la racine d\u00e9nud\u00e9e et plus susceptible d&rsquo;\u00eatre expos\u00e9 \u00e0 ce probl\u00e8me.<\/p><h4>Soins et conseils.<\/h4><p>Les gencives jouent \u00e0 r\u00f4le tr\u00e8s important de la protection de vos dents en recouvrant l&rsquo;os et le ligament parodontal elles agissent contre les effets destructeurs des bact\u00e9ries il est donc tr\u00e8s important de les prot\u00e9ger la parodontie m\u00e9dicale est un moyen pr\u00e9ventif et th\u00e9rapeutique efficace contre les maladies des gencives en suivant un traitement parodontal les dents naturels sont prot\u00e9g\u00e9es et conserv\u00e9es, afin d&rsquo;\u00e9viter leur chute ou leur extraction et la pose d&rsquo;un plan ult\u00e9rieur.<\/p>\t\t\t\t\t\t\t\t<\/div>\n\t\t\t\t<\/div>\n\t\t\t\t\t<\/div>\n\t\t\t\t<\/div>\n\t\t\t\t<\/div>","protected":false},"excerpt":{"rendered":"<p>La maladie parodontale qu&rsquo;est-ce que c&rsquo;est? Le d\u00e9chaussement des dents porte le nom m\u00e9dical de maladie parodontale.La parodontologie et la discipline qui se consacre \u00e0 la pr\u00e9vention [&hellip;]<\/p>","protected":false},"author":1,"featured_media":0,"parent":0,"menu_order":0,"comment_status":"closed","ping_status":"closed","template":"","meta":{"footnotes":""},"class_list":["post-4589","page","type-page","status-publish","hentry"],"_links":{"self":[{"href":"https:\/\/dr-fareau.com\/it\/wp-json\/wp\/v2\/pages\/4589","targetHints":{"allow":["GET"]}}],"collection":[{"href":"https:\/\/dr-fareau.com\/it\/wp-json\/wp\/v2\/pages"}],"about":[{"href":"https:\/\/dr-fareau.com\/it\/wp-json\/wp\/v2\/types\/page"}],"author":[{"embeddable":true,"href":"https:\/\/dr-fareau.com\/it\/wp-json\/wp\/v2\/users\/1"}],"replies":[{"embeddable":true,"href":"https:\/\/dr-fareau.com\/it\/wp-json\/wp\/v2\/comments?post=4589"}],"version-history":[{"count":7,"href":"https:\/\/dr-fareau.com\/it\/wp-json\/wp\/v2\/pages\/4589\/revisions"}],"predecessor-version":[{"id":4601,"href":"https:\/\/dr-fareau.com\/it\/wp-json\/wp\/v2\/pages\/4589\/revisions\/4601"}],"wp:attachment":[{"href":"https:\/\/dr-fareau.com\/it\/wp-json\/wp\/v2\/media?parent=4589"}],"curies":[{"name":"wp","href":"https:\/\/api.w.org\/{rel}","templated":true}]}}